{"id":9,"date":"2025-12-07T20:29:22","date_gmt":"2025-12-07T20:29:22","guid":{"rendered":"http:\/\/xn--laka-6pa.be\/?page_id=9"},"modified":"2025-12-07T20:32:02","modified_gmt":"2025-12-07T20:32:02","slug":"coming-soon","status":"publish","type":"page","link":"https:\/\/xn--laka-6pa.be\/index.php\/coming-soon\/","title":{"rendered":"LA\u00cfKA"},"content":{"rendered":"\n<div class=\"wp-block-cover alignfull is-light has-accent-1-color has-text-color has-link-color wp-elements-4a404cf726673f3fe396d437cb294616\" style=\"margin-top:0;margin-bottom:0;padding-top:200px;padding-right:var(--wp--preset--spacing--50);padding-bottom:200px;padding-left:var(--wp--preset--spacing--50);min-height:100vh;aspect-ratio:unset;\"><img loading=\"lazy\" decoding=\"async\" width=\"2560\" height=\"1697\" class=\"wp-block-cover__image-background wp-image-10 size-full\" alt=\"\" src=\"http:\/\/xn--laka-6pa.be\/wp-content\/uploads\/2025\/12\/0012_001137110012-scaled.jpg\" data-object-fit=\"cover\" srcset=\"https:\/\/xn--laka-6pa.be\/wp-content\/uploads\/2025\/12\/0012_001137110012-scaled.jpg 2560w, https:\/\/xn--laka-6pa.be\/wp-content\/uploads\/2025\/12\/0012_001137110012-300x199.jpg 300w, https:\/\/xn--laka-6pa.be\/wp-content\/uploads\/2025\/12\/0012_001137110012-1024x679.jpg 1024w, https:\/\/xn--laka-6pa.be\/wp-content\/uploads\/2025\/12\/0012_001137110012-768x509.jpg 768w, https:\/\/xn--laka-6pa.be\/wp-content\/uploads\/2025\/12\/0012_001137110012-1536x1018.jpg 1536w, https:\/\/xn--laka-6pa.be\/wp-content\/uploads\/2025\/12\/0012_001137110012-2048x1358.jpg 2048w\" sizes=\"auto, (max-width: 2560px) 100vw, 2560px\" \/><span aria-hidden=\"true\" class=\"wp-block-cover__background has-background-dim-10 has-background-dim\" style=\"background-color:#91958b\"><\/span><div class=\"wp-block-cover__inner-container has-global-padding is-layout-constrained wp-container-core-cover-is-layout-d47c59a2 wp-block-cover-is-layout-constrained\">\n<div class=\"wp-block-group is-vertical is-content-justification-center is-layout-flex wp-container-core-group-is-layout-ce155fab wp-block-group-is-layout-flex\">\n<h2 class=\"wp-block-heading has-text-align-center is-style-text-annotation is-style-text-annotation--1\">Event<\/h2>\n<\/div>\n\n\n\n<h3 class=\"wp-block-heading has-text-align-center has-xx-large-font-size\">Something great is coming soon<\/h3>\n\n\n\n<p class=\"has-text-align-center\">Cr\u00e9er un cabinet d\u2019avocats n\u2019est pas un simple exercice de communication. C\u2019est une construction exigeante, o\u00f9 chaque choix compte : la m\u00e9thode, les outils, l\u2019\u00e9thique, la vision. Le temps que nous prenons aujourd\u2019hui est celui que nous consacrons \u00e0 la solidit\u00e9, \u00e0 la pr\u00e9cision et \u00e0 l\u2019excellence de demain. Ce que vous d\u00e9couvrirez bient\u00f4t n\u2019est pas une vitrine, mais une structure pens\u00e9e pour durer.<\/p>\n\n\n\n<div class=\"wp-block-buttons is-content-justification-center is-layout-flex wp-container-core-buttons-is-layout-a89b3969 wp-block-buttons-is-layout-flex\">\n<div class=\"wp-block-button is-style-fill\"><a class=\"wp-block-button__link has-contrast-color has-accent-1-background-color has-text-color has-background has-link-color has-border-color has-accent-1-border-color wp-element-button\">Subscribe<\/a><\/div>\n<\/div>\n<\/div><\/div>\n\n\n\n<p><\/p>\n","protected":false},"excerpt":{"rendered":"","protected":false},"author":1,"featured_media":0,"parent":0,"menu_order":0,"comment_status":"closed","ping_status":"closed","template":"","meta":{"footnotes":""},"class_list":["post-9","page","type-page","status-publish","hentry"],"_links":{"self":[{"href":"https:\/\/xn--laka-6pa.be\/index.php\/wp-json\/wp\/v2\/pages\/9","targetHints":{"allow":["GET"]}}],"collection":[{"href":"https:\/\/xn--laka-6pa.be\/index.php\/wp-json\/wp\/v2\/pages"}],"about":[{"href":"https:\/\/xn--laka-6pa.be\/index.php\/wp-json\/wp\/v2\/types\/page"}],"author":[{"embeddable":true,"href":"https:\/\/xn--laka-6pa.be\/index.php\/wp-json\/wp\/v2\/users\/1"}],"replies":[{"embeddable":true,"href":"https:\/\/xn--laka-6pa.be\/index.php\/wp-json\/wp\/v2\/comments?post=9"}],"version-history":[{"count":5,"href":"https:\/\/xn--laka-6pa.be\/index.php\/wp-json\/wp\/v2\/pages\/9\/revisions"}],"predecessor-version":[{"id":15,"href":"https:\/\/xn--laka-6pa.be\/index.php\/wp-json\/wp\/v2\/pages\/9\/revisions\/15"}],"wp:attachment":[{"href":"https:\/\/xn--laka-6pa.be\/index.php\/wp-json\/wp\/v2\/media?parent=9"}],"curies":[{"name":"wp","href":"https:\/\/api.w.org\/{rel}","templated":true}]}}